{"id":4166,"date":"2023-06-02T13:52:51","date_gmt":"2023-06-02T13:52:51","guid":{"rendered":"https:\/\/dryveshebert.ca\/?post_type=product&#038;p=4166"},"modified":"2023-07-12T14:11:42","modified_gmt":"2023-07-12T14:11:42","slug":"lasercap-hd-plus","status":"publish","type":"product","link":"https:\/\/dryveshebert.ca\/fr\/product\/lasercap-hd-plus\/","title":{"rendered":"LaserCap HD+"},"content":{"rendered":"<p>Le kit d&rsquo;origine LaserCap HD+. Th\u00e9rapie au laser approuv\u00e9e par la FDA pour la perte de cheveux chez les hommes et les femmes. Le LaserCap HD+ contient 304 diodes laser, d\u00e9livrant une dose d&rsquo;\u00e9nergie lumineuse de 3,93 J\/cm\u00b2 aux follicules pileux. Portable et discret, utilisez ce bonnet laser pour la croissance des cheveux seulement 30 minutes tous les deux jours pour des cheveux plus \u00e9pais et plus sains.<\/p>\n<p><strong>Caract\u00e9ristiques<\/strong><\/p>\n<ul>\n<li>3,93 J\/cm\u00b2 Dose \u00e9nerg\u00e9tique<\/li>\n<li>Grande zone de couverture<\/li>\n<li>304 diodes laser<\/li>\n<\/ul>\n<p><strong>Le LaserCap HD+ est le meilleur pour<\/strong><\/p>\n<ul>\n<li>Perte de cheveux mod\u00e9r\u00e9e, plus avanc\u00e9e<\/li>\n<li>Perte de cheveux au sommet\/couronne (haut de la t\u00eate), \u00e0 \u200b\u200bla racine des cheveux ou diffuse<\/li>\n<\/ul>\n","protected":false},"excerpt":{"rendered":"<p>Le kit d&rsquo;origine LaserCap HD+. Th\u00e9rapie au laser approuv\u00e9e par la FDA pour la perte de cheveux chez les hommes et les femmes. Le LaserCap HD+ contient 304 diodes laser, d\u00e9livrant une dose d&rsquo;\u00e9nergie lumineuse de 3,93 J\/cm\u00b2 aux follicules &#8230; <\/p>\n<p class=\"read-more-container\"><a title=\"LaserCap HD+\" class=\"read-more button\" href=\"https:\/\/dryveshebert.ca\/fr\/product\/lasercap-hd-plus\/#more-4166\" aria-label=\"Read more about LaserCap HD+\">Read more<\/a><\/p>\n","protected":false},"featured_media":4122,"comment_status":"closed","ping_status":"closed","template":"","meta":{"_acf_changed":false},"product_cat":[161],"product_tag":[],"class_list":{"0":"post-4166","1":"product","2":"type-product","3":"status-publish","4":"has-post-thumbnail","6":"product_cat-therapie-au-laser","7":"no-featured-image-padding","8":"sales-flash-overlay","9":"woocommerce-text-align-center","10":"woocommerce-image-align-center","11":"do-quantity-buttons","12":"wc-has-gallery","14":"first","15":"instock","16":"taxable","17":"shipping-taxable","18":"purchasable","19":"product-type-simple"},"acf":[],"_links":{"self":[{"href":"https:\/\/dryveshebert.ca\/fr\/wp-json\/wp\/v2\/product\/4166","targetHints":{"allow":["GET"]}}],"collection":[{"href":"https:\/\/dryveshebert.ca\/fr\/wp-json\/wp\/v2\/product"}],"about":[{"href":"https:\/\/dryveshebert.ca\/fr\/wp-json\/wp\/v2\/types\/product"}],"replies":[{"embeddable":true,"href":"https:\/\/dryveshebert.ca\/fr\/wp-json\/wp\/v2\/comments?post=4166"}],"wp:featuredmedia":[{"embeddable":true,"href":"https:\/\/dryveshebert.ca\/fr\/wp-json\/wp\/v2\/media\/4122"}],"wp:attachment":[{"href":"https:\/\/dryveshebert.ca\/fr\/wp-json\/wp\/v2\/media?parent=4166"}],"wp:term":[{"taxonomy":"product_cat","embeddable":true,"href":"https:\/\/dryveshebert.ca\/fr\/wp-json\/wp\/v2\/product_cat?post=4166"},{"taxonomy":"product_tag","embeddable":true,"href":"https:\/\/dryveshebert.ca\/fr\/wp-json\/wp\/v2\/product_tag?post=4166"}],"curies":[{"name":"wp","href":"https:\/\/api.w.org\/{rel}","templated":true}]}}