{"id":4159,"date":"2023-06-02T13:51:48","date_gmt":"2023-06-02T13:51:48","guid":{"rendered":"https:\/\/dryveshebert.ca\/?post_type=product&#038;p=4159"},"modified":"2023-07-12T14:11:36","modified_gmt":"2023-07-12T14:11:36","slug":"lasercap-hd","status":"publish","type":"product","link":"https:\/\/dryveshebert.ca\/en\/product\/lasercap-hd\/","title":{"rendered":"LaserCap HD"},"content":{"rendered":"<p>The Original LaserCap HD kit. FDA-cleared laser therapy for male and female pattern hair loss. The LaserCap HD contains 224 laser diodes, delivering a prescription-strength, 3.23 J\/cm\u00b2 dose of light energy to the hair follicles. Portable and discreet, use this hair growth laser cap for just 30 minutes every other day for thicker, healthier hair.<\/p>\n<p><strong>Specifications<\/strong><\/p>\n<ul>\n<li>3.23 J\/cm\u00b2 Energy Dose<\/li>\n<li>Standard Coverage Area<\/li>\n<li>224 Laser Diodes<\/li>\n<\/ul>\n<p><strong>The LaserCap HD is best for<\/strong><\/p>\n<ul>\n<li>Moderate, more advanced hair loss<\/li>\n<li>Hair loss on vertex\/crown (top of head)<\/li>\n<\/ul>","protected":false},"excerpt":{"rendered":"<p>Le kit LaserCap HD d&rsquo;origine. Th\u00e9rapie au laser approuv\u00e9e par la FDA pour la perte de cheveux chez les hommes et les femmes. Le LaserCap HD contient 224 diodes laser, d\u00e9livrant une dose d&rsquo;\u00e9nergie lumineuse de 3,23 J\/cm\u00b2 de puissance &#8230; <\/p>\n<p class=\"read-more-container\"><a title=\"LaserCap HD\" class=\"read-more button\" href=\"https:\/\/dryveshebert.ca\/en\/product\/lasercap-hd\/#more-4159\" aria-label=\"Read more about LaserCap HD\">Read more<\/a><\/p>","protected":false},"featured_media":4122,"comment_status":"closed","ping_status":"closed","template":"","meta":{"_acf_changed":false},"product_cat":[161],"product_tag":[],"class_list":{"0":"post-4159","1":"product","2":"type-product","3":"status-publish","4":"has-post-thumbnail","6":"product_cat-therapie-au-laser","7":"no-featured-image-padding","8":"sales-flash-overlay","9":"woocommerce-text-align-center","10":"woocommerce-image-align-center","11":"do-quantity-buttons","12":"wc-has-gallery","14":"first","15":"instock","16":"taxable","17":"shipping-taxable","18":"purchasable","19":"product-type-simple"},"acf":[],"_links":{"self":[{"href":"https:\/\/dryveshebert.ca\/en\/wp-json\/wp\/v2\/product\/4159","targetHints":{"allow":["GET"]}}],"collection":[{"href":"https:\/\/dryveshebert.ca\/en\/wp-json\/wp\/v2\/product"}],"about":[{"href":"https:\/\/dryveshebert.ca\/en\/wp-json\/wp\/v2\/types\/product"}],"replies":[{"embeddable":true,"href":"https:\/\/dryveshebert.ca\/en\/wp-json\/wp\/v2\/comments?post=4159"}],"wp:featuredmedia":[{"embeddable":true,"href":"https:\/\/dryveshebert.ca\/en\/wp-json\/wp\/v2\/media\/4122"}],"wp:attachment":[{"href":"https:\/\/dryveshebert.ca\/en\/wp-json\/wp\/v2\/media?parent=4159"}],"wp:term":[{"taxonomy":"product_cat","embeddable":true,"href":"https:\/\/dryveshebert.ca\/en\/wp-json\/wp\/v2\/product_cat?post=4159"},{"taxonomy":"product_tag","embeddable":true,"href":"https:\/\/dryveshebert.ca\/en\/wp-json\/wp\/v2\/product_tag?post=4159"}],"curies":[{"name":"wp","href":"https:\/\/api.w.org\/{rel}","templated":true}]}}